{"id":2549,"date":"2022-05-04T16:26:22","date_gmt":"2022-05-04T16:26:22","guid":{"rendered":"https:\/\/www.jazlerenespanol.com\/2022\/?post_type=product&#038;p=2549"},"modified":"2022-05-04T16:26:26","modified_gmt":"2022-05-04T16:26:26","slug":"jazler-soho","status":"publish","type":"product","link":"https:\/\/www.jazlerenespanol.com\/2022\/product\/jazler-soho\/","title":{"rendered":"Jazler SOHO"},"content":{"rendered":"<div class=\"wpb_column vc_column_container vc_col-sm-6\">\n<div class=\"vc_column-inner\">\n<div class=\"wpb_wrapper\">\n<div class=\"vc_custom_heading vc_custom_1522428670524 text_align_left\">\n<h4 class=\"consulting-custom-title\">Caracter\u00edsticas &amp; Beneficios<\/h4>\n<\/div>\n<div class=\"wpb_text_column wpb_content_element \">\n<div class=\"wpb_wrapper\">\n<p><strong>Pantalla de estudio optimizada<\/strong>\u00a0Nuevo<\/p>\n<p>La pantalla de estudio se ha redise\u00f1ado para ser flexible y personalizable a las necesidades de cada estaci\u00f3n. Puede seleccionar entre varias presentaciones y vistas para sus pistas. Si la pantalla no es compatible con HD (1920\u00d71080), Jazler SOHO puede ser m\u00e1s compacto para resoluciones m\u00e1s bajas.<\/p>\n<p><strong>Soporte para 2 pantallas<\/strong>\u00a0Nuevo<\/p>\n<p>Jazler SOHO tambi\u00e9n soporta dos pantallas para el estudio. No hay ninguna restricci\u00f3n en la resoluci\u00f3n de las pantallas y puede personalizar cada panel para mostrar lo que desee y en la posici\u00f3n que desee.<\/p>\n<p><strong>Drag &amp; Drop<\/strong>\u00a0Nuevo<\/p>\n<p>Arrastre y suelte sus pistas desde cualquier librer\u00eda hacia la lista.<\/p>\n<p><strong>Salidas de audio A y B<\/strong>\u00a0Nuevo<\/p>\n<p>Jazler SOHO tambi\u00e9n le da la opci\u00f3n de salidas A y B, para que puedan reproducir indistintamente por diferentes canales de su consola. Al mismo tiempo, puede tener otras dos salidas, una para efectos (Instant Play) y otra para monitor (CUE). 2 salidas al aire, salida para efectos y monitor (CUE) independiente.<\/p>\n<p><strong>Micr\u00f3fono integrado (Live DJ)<\/strong>\u00a0Nuevo<\/p>\n<p>Una opci\u00f3n nueva en Jazler SOHO es el micr\u00f3fono integrado en vivo, que bajar\u00e1 el nivel de audio de la m\u00fasica y abrir\u00e1 la entrada de l\u00ednea o micr\u00f3fono para mezclar con la canci\u00f3n que est\u00e9 sonando. El bot\u00f3n de apagado autom\u00e1tico tambi\u00e9n cerrar\u00e1 el micr\u00f3fono autom\u00e1ticamente y abrir\u00e1 la siguiente pista en volumen completo cuando da clic en Siguiente.<\/p>\n<p><strong>Soporte de plugin VST y DSP<\/strong>\u00a0Nuevo<\/p>\n<p>\u00bfQuieres un audio procesado? Adem\u00e1s del procesamiento de 32 bits de Jazler SOHO, ahora puedes usar, no s\u00f3lo plugin Winamp DSP, sino tambi\u00e9n plugin VST para salida de audio. Este es un plugin VST de SOHO usando Thimeo Stereo Tool.<\/p>\n<p><strong>Encoder de Streaming Integrado<\/strong>\u00a0Nuevo<\/p>\n<p>Jazler SOHO le permite transmitir su se\u00f1al directamente a su(s) servidor(es) sin usar un encoder externo. Puede enviar el audio final sin necesidad de una tarjeta de sonido, o tambi\u00e9n puede transmitir el audio desde la entrada de su mezclador (a trav\u00e9s de una entrada de tarjeta de sonido). Emita su se\u00f1al en MP3 o AAC hasta 320 kbps y env\u00ede sus metadatos a su reproductor y a Tune In.<\/p>\n<p><strong>Soporta controladores ASIO<\/strong>\u00a0Nuevo<\/p>\n<p>SOHO tambi\u00e9n es compatible con controladores ASIO para baja latencia y mejor calidad de audio.<\/p>\n<p><strong>Panel de Control renovado<\/strong><\/p>\n<p>El panel de control de Jazler SOHO, se ha dise\u00f1ado para tener acceso eficiente a todas sus librer\u00edas en cuesti\u00f3n de segundos. La navegaci\u00f3n es mas intuitiva y f\u00e1cil, la clasificaci\u00f3n esta m\u00e1s organizada, la opci\u00f3n cambio de pantalla en la secci\u00f3n superior derecha de la ventana le permite saltar de una secci\u00f3n a otra r\u00e1pidamente.<\/p>\n<p><strong>Librer\u00eda de Canciones mejorado<\/strong><\/p>\n<p>La librer\u00eda de de canciones de Jazler SOHO est\u00e1 totalmente equipado para sus canciones, categor\u00edas, puntos de mezcla con muchas vistas y filtros. Incluimos el OUTRO para que pueda entrar al final de la canci\u00f3n sin montarse en la voz del artista. Tambi\u00e9n puede ver al instante cuando se reprodujo una canci\u00f3n en los \u00faltimos d\u00edas y algunas de sus estad\u00edsticas.<\/p>\n<p><strong>Librer\u00eda de\u00a0Comerciales<\/strong><\/p>\n<p>La librer\u00eda de Spots &amp; Comerciales es donde almacenas y programas todos tus anuncios y jingles utilizados en un break comercial. Los anuncios que han expirado y ya no se emiten se marcan en rojo. Tambi\u00e9n puede anclar sus anuncios o jingles para que pueda tener f\u00e1cil acceso a ellos.<\/p>\n<\/div>\n<\/div>\n<\/div>\n<\/div>\n<\/div>\n<div class=\"wpb_column vc_column_container vc_col-sm-6\">\n<div class=\"vc_column-inner\">\n<div class=\"wpb_wrapper\">\n<div class=\"vc_empty_space\"><\/div>\n<div class=\"wpb_text_column wpb_content_element \">\n<div class=\"wpb_wrapper\">\n<p><strong>Relojes (Patr\u00f3n Musical)<\/strong><\/p>\n<p>El editor de relojes es donde crea la base de su programaci\u00f3n musical. Cada reloj puede tener un color diferente para ver claramente a qu\u00e9 horas est\u00e1n activos. Tambi\u00e9n puede cambiar en masa cualquier d\u00eda y posici\u00f3n de sus relojes. Todas las herramientas necesarias para crear un reloj est\u00e1n aqu\u00ed. En SOHO tambi\u00e9n puede seleccionar una categor\u00eda de respaldo para usar en caso de que una selecci\u00f3n falle o necesite completar la hora programada.<\/p>\n<p><strong>Programaci\u00f3n Autom\u00e1tica\u00a0Nuevo<\/strong><\/p>\n<p>Puede crear la programaci\u00f3n completa de 24 horas de el d\u00eda que el\u00edja en funci\u00f3n a los relojes fijados para que no tengas sorpresas. Le permite editarlo y grabar pistas de voz en \u00e9l.<\/p>\n<p><strong>Playlist<\/strong><\/p>\n<p>Con la librer\u00eda de Playlist de SOHO puede crear, editar e importar playlist de programas externos. Tambi\u00e9n puede echar un vistazo a su contenido y editar los tiempos de transmisi\u00f3n. En la edici\u00f3n de Playlist de SOHO tambi\u00e9n puede ajustar f\u00e1cilmente los puntos de mezcla de sus pistas y tambi\u00e9n grabar pistas de voz a su playlist manual.<\/p>\n<p><strong>Base de datos en SQL Server<\/strong>\u00a0Nuevo<\/p>\n<p>Jazler SOHO es un sistema totalmente nuevo, ahora sus bases de datos trabajan en SQL Server, esto da mas seguridad y estabilidad a los datos de sus librerias, ademas puede usar un servidor central e instalar su estudio en otro pc.<\/p>\n<p><strong>Retransmisi\u00f3n de varias fuentes de audio por entradas an\u00e1logas y por streaming.<\/strong><\/p>\n<p>Configure fuentes diferentes de audio anal\u00f3gico para el modo de retransmisi\u00f3n, o varias transmisiones de Internet diferentes (mp3 \/ aac \/ wma) y programe el dispositivo que desee que est\u00e9 en el aire y cu\u00e1ndo. La retransmisi\u00f3n tambi\u00e9n se puede interrumpir por pausas comerciales.<\/p>\n<p><strong>Potente motor de audio.<\/strong><\/p>\n<p>Un motor de reproducci\u00f3n mejorado est\u00e1 embebido en SOHO. Tiene un sonido cristalino de todos los formatos de archivo populares. Admite casi todas las tarjetas de audio con mezcla de software o hardware. El sistema de reproducci\u00f3n ahora emite a 32 bits de procesamiento.<\/p>\n<p><strong>RDS\/RBDS.<\/strong><\/p>\n<p>Jazler SOHO es compatible con muchos modelos RDS y RDBS. Se puede conectar a ellos a trav\u00e9s de RS232, TCP-IP o http. Tambi\u00e9n admite de forma nativa PS, RT y RT+ con etiquetas.<\/p>\n<p><strong>Efectos (Instant Play)<\/strong><\/p>\n<p>Los efectos se pueden editar de forma local y remota en Jazler SOHO. Tambi\u00e9n puede utilizar el editor para reproducir los jingles. El editor tambi\u00e9n detecta al instante si falta un archivo de audio y colca una marca en el bot\u00f3n para saber que no existe o puede fallar.<\/p>\n<p><strong>Copia de seguridad\u00a0 autom\u00e1ticas de bases de datos<\/strong><\/p>\n<p>Jazler SOHO crea copias de seguridad autom\u00e1ticas de todas sus bases de datos, asegur\u00e1ndose de que ninguno de sus datos, estad\u00edsticas, etc. se pierda en caso de falla o mal funcionamiento de la computadora. Tambi\u00e9n puede hacer un espejo de la base de datos en una computadora diferente para fines de emergencia.<\/p>\n<p><strong>Muestre lo que esta sonando en su sitio web.<\/strong><\/p>\n<p>Permita que cualquiera sepa qu\u00e9 canci\u00f3n est\u00e1 \u201cen el aire ahora\u201d, con un procedimiento simple y f\u00e1cil. RS2 tambi\u00e9n le permite publicar las canciones anteriores y siguientes para ser transmitidas. Todo disponible en formato XML, para que pueda manipular los datos proporcionados exactamente como lo desee. Esta caracter\u00edstica tambi\u00e9n incluye un archivo HTML personalizado para resultados r\u00e1pidos.<\/p>\n<p><strong>Importaci\u00f3n\u00a0masiva\u00a0de canciones con punto de mezcla autom\u00e1tico.<\/strong><\/p>\n<p>Ahorre tiempo extra dejando que Jazler marque autom\u00e1ticamente los puntos de mezcla de cada canci\u00f3n. Un nuevo algoritmo encuentra puntos de referencia en menos de medio segundo para cada canci\u00f3n, evitando silencios inc\u00f3modos al aire.<\/p>\n<\/div>\n<\/div>\n<\/div>\n<\/div>\n<\/div>\n","protected":false},"excerpt":{"rendered":"<div class=\"vc_custom_heading text_align_left\">\n<h4 class=\"consulting-custom-title\">Su estaci\u00f3n siempre al aire, excelente calidad de sonido y mezclas insuperables.<\/h4>\n<\/div>\n<div class=\"wpb_text_column wpb_content_element  vc_custom_1587582844353\">\n<div class=\"wpb_wrapper\">\n<p>Nuevo Jazler SOHO, dise\u00f1ado para estaciones de radio, con todas las herramientas necesarias para transmitir su se\u00f1al en vivo y\/o diferido, automatiza la pauta comercial, patrones musicales, break comerciales, transmisi\u00f3n en streaming, enlace a otras se\u00f1ales por streaming, locuciones virtuales, facilidad de uso, estabilidad garantizada y 100% compatible con las tarjetas de audio mas usadas.<\/p>\n<\/div>\n<\/div>\n<div class=\"vc_row wpb_row vc_inner vc_row-fluid vc_custom_1456219515168\">\n<div class=\"wpb_column vc_column_container vc_col-sm-6\">\n<div class=\"vc_column-inner\">\n<div class=\"wpb_wrapper\">\n<div class=\"vc_custom_heading vc_custom_1522428670524 text_align_left\"><\/div>\n<div class=\"wpb_text_column wpb_content_element \">\n<div class=\"wpb_wrapper\">\n<p>&nbsp;<\/p>\n<\/div>\n<\/div>\n<\/div>\n<\/div>\n<\/div>\n<\/div>\n","protected":false},"featured_media":2550,"comment_status":"open","ping_status":"closed","template":"","meta":{"_monsterinsights_skip_tracking":false,"_monsterinsights_sitenote_active":false,"_monsterinsights_sitenote_note":"","_monsterinsights_sitenote_category":0},"product_brand":[],"product_cat":[58],"product_tag":[60,61,59],"class_list":{"0":"post-2549","1":"product","2":"type-product","3":"status-publish","4":"has-post-thumbnail","6":"product_cat-radio","7":"product_tag-jazler","8":"product_tag-radio","9":"product_tag-soho","11":"first","12":"instock","13":"downloadable","14":"shipping-taxable","15":"purchasable","16":"product-type-simple"},"_links":{"self":[{"href":"https:\/\/www.jazlerenespanol.com\/2022\/wp-json\/wp\/v2\/product\/2549","targetHints":{"allow":["GET"]}}],"collection":[{"href":"https:\/\/www.jazlerenespanol.com\/2022\/wp-json\/wp\/v2\/product"}],"about":[{"href":"https:\/\/www.jazlerenespanol.com\/2022\/wp-json\/wp\/v2\/types\/product"}],"replies":[{"embeddable":true,"href":"https:\/\/www.jazlerenespanol.com\/2022\/wp-json\/wp\/v2\/comments?post=2549"}],"wp:featuredmedia":[{"embeddable":true,"href":"https:\/\/www.jazlerenespanol.com\/2022\/wp-json\/wp\/v2\/media\/2550"}],"wp:attachment":[{"href":"https:\/\/www.jazlerenespanol.com\/2022\/wp-json\/wp\/v2\/media?parent=2549"}],"wp:term":[{"taxonomy":"product_brand","embeddable":true,"href":"https:\/\/www.jazlerenespanol.com\/2022\/wp-json\/wp\/v2\/product_brand?post=2549"},{"taxonomy":"product_cat","embeddable":true,"href":"https:\/\/www.jazlerenespanol.com\/2022\/wp-json\/wp\/v2\/product_cat?post=2549"},{"taxonomy":"product_tag","embeddable":true,"href":"https:\/\/www.jazlerenespanol.com\/2022\/wp-json\/wp\/v2\/product_tag?post=2549"}],"curies":[{"name":"wp","href":"https:\/\/api.w.org\/{rel}","templated":true}]}}