{"id":2551,"date":"2022-05-04T16:37:20","date_gmt":"2022-05-04T16:37:20","guid":{"rendered":"https:\/\/www.jazlerenespanol.com\/2022\/?post_type=product&#038;p=2551"},"modified":"2025-12-26T07:39:58","modified_gmt":"2025-12-26T07:39:58","slug":"radio-star-2","status":"publish","type":"product","link":"https:\/\/www.jazlerenespanol.com\/2022\/product\/radio-star-2\/","title":{"rendered":"Radio Star 2"},"content":{"rendered":"<div class=\"vc_custom_heading text_align_left\">\n<h4 class=\"consulting-custom-title\">Su estaci\u00f3n siempre al aire, excelente calidad de sonido y mezclas insuperables.<\/h4>\n<\/div>\n<div class=\"wpb_text_column wpb_content_element  vc_custom_1522532431587\">\n<div class=\"wpb_wrapper\">\n<p>Software dise\u00f1ado para estaciones de radio, con todas las herramientas necesarias para transmitir su se\u00f1al en vivo y\/o diferido, automatiza la pauta comercial, patrones musicales, break comerciales, locuciones virtuales, facilidad de uso, estabilidad garantizada y 100% compatible con las tarjetas de audio mas usadas.<\/p>\n<\/div>\n<\/div>\n<div class=\"vc_row wpb_row vc_inner vc_row-fluid vc_custom_1456219515168\">\n<div class=\"wpb_column vc_column_container vc_col-sm-6\">\n<div class=\"vc_column-inner\">\n<div class=\"wpb_wrapper\">\n<div class=\"vc_custom_heading vc_custom_1522428670524 text_align_left\">\n<h4 class=\"consulting-custom-title\">Caracter\u00edsticas &amp; Beneficios<\/h4>\n<\/div>\n<div class=\"wpb_text_column wpb_content_element \">\n<div class=\"wpb_wrapper\">\n<p><strong>Pantalla de estudio optimizada<\/strong><\/p>\n<p><strong>Base de datos de canciones con edici\u00f3n avanzada<\/strong><\/p>\n<p>La edici\u00f3n de su base de datos de m\u00fasica nunca ha sido tan f\u00e1cil, ya que le ofrece formas ilimitadas de organizar y categorizar su colecci\u00f3n de m\u00fasica.<\/p>\n<p><strong>Caracter\u00edstica Quick Edit en canciones<\/strong><\/p>\n<p>Edite las propiedades de las canciones sin analizarla, r\u00e1pida y f\u00e1cilmente desde la base de datos. Simplemente haga clic en la canci\u00f3n y cambie sus propiedades desde el men\u00fa emergente.<\/p>\n<p><strong>Cambio masivo de categor\u00edas, propiedades, ubicaciones de archivos<\/strong><\/p>\n<p>Puede cambiar en gran cantidad muchas propiedades simplemente haciendo clic en las canciones con Ctrl o May\u00fas. Luego haz clic derecho y selecciona tu acci\u00f3n.<\/p>\n<p><strong>Base de datos Jingles<\/strong><\/p>\n<p>Jazler alberga una base de datos dedicada para todos los jingles y las ID de la estaci\u00f3n. Cada elemento se puede categorizar para que sea f\u00e1cil de encontrar.<\/p>\n<p><strong>Programaci\u00f3n avanzada de comerciales<\/strong><\/p>\n<p>La interfaz de programaci\u00f3n de comerciales de RS2 le brinda la capacidad de programar f\u00e1cilmente diferentes lugares en diferentes d\u00edas y horas r\u00e1pidamente. Tambi\u00e9n le da la posibilidad de reproducir puntos aleatorios seg\u00fan una lista en momentos espec\u00edficos (principalmente utilizados para las ID de la estaci\u00f3n). La herramienta de informes de Jazler tambi\u00e9n le permite imprimir un informe detallado para que pueda devolverlo a su cliente o agencia de publicidad. (ya sea para el informe programado o para el informe real de los lugares jugados). El sistema de administraci\u00f3n de comerciales tambi\u00e9n le brinda la capacidad de ajustar cu\u00e1ndo comenzar\u00e1 y finalizar\u00e1 su paquete de comerciales. Tambi\u00e9n se le puede notificar si un paquete espec\u00edfico excede un tiempo m\u00e1ximo para evitar un corte comercial muy largo y agotador.<\/p>\n<p><strong>Base de datos de eventos<\/strong><\/p>\n<p>Una base de datos especial donde puede almacenar todos sus elementos de audio que no se ajustan a las otras bases de datos. Estos elementos podr\u00edan ser camas musicales o identificaciones e intros de programas especiales.<\/p>\n<p><strong>Base de datos de Sweepers<\/strong><\/p>\n<p>Sweepers son los jingles de la estaci\u00f3n que no contienen m\u00fasica de fondo y pueden superponerse a la reproducci\u00f3n de la canci\u00f3n. Jazler puede dividir los sweepers en categor\u00edas y reproducirlas programadas o autom\u00e1ticamente en la parte superior de las canciones, cuando lo desee (Inicio de la canci\u00f3n, antes del intro, final de la canci\u00f3n, transici\u00f3n entre canciones, ubicaci\u00f3n personalizada)<\/p>\n<p><strong>Base de datos de voice tracks<\/strong><\/p>\n<p>Una base de datos especial que almacena todas las pistas de voz grabadas por Jazler o pregrabadas desde otro software. Las pistas de voz pueden reutilizarse siempre que lo desee con gran facilidad.<\/p>\n<p><strong>Reproducci\u00f3n directa de archivos de audio<\/strong><\/p>\n<p>No hay tiempo para importar un archivo en Jazler y reproducirlo? \u00bfNecesitas jugar un archivo de inmediato? La pantalla del estudio ahora alberga un navegador para la reproducci\u00f3n directa de archivos de audio sin la necesidad de importarlos a la base de datos. Jazler tambi\u00e9n muestra autom\u00e1ticamente los archivos para evitar el silencio.<\/p>\n<p><strong>Impresi\u00f3n de informes<\/strong><\/p>\n<p>Imprima sus informes puntuales en un documento elegante que incluya su logotipo e informaci\u00f3n.<\/p>\n<p><strong>Seguridad con cuentas de usuario para acceder solo a las bases de datos especificadas.<\/strong><\/p>\n<p>Aseg\u00farese de que solo las personas autorizadas tengan acceso a sus valiosas bases de datos.<\/p>\n<p><strong>Estaciones de trabajo LAN ilimitadas para editar bases de datos al mismo tiempo, mientras el estudio est\u00e1 en el aire.<\/strong><\/p>\n<p>Edite sus bases de datos con Jazler Workstation, desde cualquiera de sus computadoras, al mismo tiempo que Studio se emite. No tiene restricciones sobre el n\u00famero de Estaciones de trabajo que se instalar\u00e1n.<\/p>\n<p><strong>Creaci\u00f3n avanzada de lista de reproducci\u00f3n con Voice Track<\/strong><\/p>\n<p>Radio Star le permite crear listas de reproducci\u00f3n, crear listas de reproducci\u00f3n autom\u00e1ticas basadas en un reloj, previsualizar donde los comerciales intercalar\u00e1n su lista de reproducci\u00f3n en la rotaci\u00f3n en el aire, previsualizar completamente (audio) una lista de reproducci\u00f3n, editar inicio y finalizaci\u00f3n puntos de pistas espec\u00edficamente para una lista de reproducci\u00f3n sin guardarla en la base de datos, agregar o grabar pistas de voz e incluirlas para la lista de reproducci\u00f3n espec\u00edfica.<\/p>\n<p><strong>Supervise y edite una pista de audio justo antes de transmitir<\/strong><\/p>\n<p>Un nuevo entorno amigable, en el modo Studio, en el cual puede monitorear y editar una pista con facilidad y precisi\u00f3n.<\/p>\n<\/div>\n<\/div>\n<\/div>\n<\/div>\n<\/div>\n<\/div>\n","protected":false},"excerpt":{"rendered":"<div class=\"vc_custom_heading text_align_left\">\n<h4 class=\"consulting-custom-title\">Su estaci\u00f3n siempre al aire, excelente calidad de sonido y mezclas insuperables.<\/h4>\n<\/div>\n<div class=\"wpb_text_column wpb_content_element  vc_custom_1522532431587\">\n<div class=\"wpb_wrapper\">\n<p>Software dise\u00f1ado para estaciones de radio, con todas las herramientas necesarias para transmitir su se\u00f1al en vivo y\/o diferido, automatiza la pauta comercial, patrones musicales, break comerciales, locuciones virtuales, facilidad de uso, estabilidad garantizada y 100% compatible con las tarjetas de audio mas usadas.<\/p>\n<\/div>\n<\/div>\n","protected":false},"featured_media":2552,"comment_status":"open","ping_status":"closed","template":"","meta":{"_monsterinsights_skip_tracking":false,"_monsterinsights_sitenote_active":false,"_monsterinsights_sitenote_note":"","_monsterinsights_sitenote_category":0},"product_brand":[],"product_cat":[58],"product_tag":[63,60,61,62],"class_list":{"0":"post-2551","1":"product","2":"type-product","3":"status-publish","4":"has-post-thumbnail","6":"product_cat-radio","7":"product_tag-automatizacion","8":"product_tag-jazler","9":"product_tag-radio","10":"product_tag-radiostar","12":"first","13":"instock","14":"shipping-taxable","15":"purchasable","16":"product-type-simple"},"_links":{"self":[{"href":"https:\/\/www.jazlerenespanol.com\/2022\/wp-json\/wp\/v2\/product\/2551","targetHints":{"allow":["GET"]}}],"collection":[{"href":"https:\/\/www.jazlerenespanol.com\/2022\/wp-json\/wp\/v2\/product"}],"about":[{"href":"https:\/\/www.jazlerenespanol.com\/2022\/wp-json\/wp\/v2\/types\/product"}],"replies":[{"embeddable":true,"href":"https:\/\/www.jazlerenespanol.com\/2022\/wp-json\/wp\/v2\/comments?post=2551"}],"wp:featuredmedia":[{"embeddable":true,"href":"https:\/\/www.jazlerenespanol.com\/2022\/wp-json\/wp\/v2\/media\/2552"}],"wp:attachment":[{"href":"https:\/\/www.jazlerenespanol.com\/2022\/wp-json\/wp\/v2\/media?parent=2551"}],"wp:term":[{"taxonomy":"product_brand","embeddable":true,"href":"https:\/\/www.jazlerenespanol.com\/2022\/wp-json\/wp\/v2\/product_brand?post=2551"},{"taxonomy":"product_cat","embeddable":true,"href":"https:\/\/www.jazlerenespanol.com\/2022\/wp-json\/wp\/v2\/product_cat?post=2551"},{"taxonomy":"product_tag","embeddable":true,"href":"https:\/\/www.jazlerenespanol.com\/2022\/wp-json\/wp\/v2\/product_tag?post=2551"}],"curies":[{"name":"wp","href":"https:\/\/api.w.org\/{rel}","templated":true}]}}